{"id":2756,"date":"2025-09-14T19:16:09","date_gmt":"2025-09-14T17:16:09","guid":{"rendered":"https:\/\/szit.sklep.pl\/?post_type=product&#038;p=2756"},"modified":"2025-10-14T20:41:33","modified_gmt":"2025-10-14T18:41:33","slug":"koszulka-szit","status":"publish","type":"product","link":"https:\/\/szit.sklep.pl\/index.php\/product\/koszulka-szit\/","title":{"rendered":"Koszulka SZiT"},"content":{"rendered":"\t\t<div data-elementor-type=\"section\" data-elementor-id=\"213\" class=\"elementor elementor-213\">\n\t\t\t<div class=\"elementor-element elementor-element-c30bb82 e-flex e-con-boxed kitify-col-width-auto-no ignore-docs-style-no kitify-disable-relative-no e-root-container elementor-top-section e-con e-parent\" data-id=\"c30bb82\" data-element_type=\"container\" data-e-type=\"container\">\n\t\t\t\t\t<div class=\"e-con-inner\">\n\t\t\t\t\t<\/div>\n\t\t\t\t<\/div>\n\t\t\t\t<\/div>\n\t\t\n","protected":false},"excerpt":{"rendered":"<p data-start=\"109\" data-end=\"410\">Lekka, wygodna i pe\u0142na charakteru \u2013 ta czarna koszulka z nadrukiem \u201eSZiT Szalony i Ta\u0144cula\u201d na klatce piersiowej to idealny wyb\u00f3r dla tych, kt\u00f3rzy lubi\u0105 wyr\u00f3\u017cnia\u0107 si\u0119 stylem. Minimalistyczna forma w po\u0142\u0105czeniu z mocnym, wyrazistym printem tworzy look, kt\u00f3ry przyci\u0105ga uwag\u0119 od pierwszego spojrzenia.<\/p>\n<p data-start=\"412\" data-end=\"629\">Wykonana z wysokiej jako\u015bci bawe\u0142ny, zapewnia komfort noszenia niezale\u017cnie od okazji \u2013 czy to na trening, wyj\u015bcie ze znajomymi, czy lu\u017any dzie\u0144 w mie\u015bcie. Czer\u0144 nadaje jej uniwersalno\u015bci, a nadruk nadaje charakteru.<\/p>\n<p data-start=\"631\" data-end=\"712\">To koszulka, kt\u00f3ra m\u00f3wi wi\u0119cej ni\u017c tysi\u0105c s\u0142\u00f3w \u2013 subskrybuj albo pie*dol si\u0119.<\/p>\n","protected":false},"featured_media":2904,"comment_status":"closed","ping_status":"closed","template":"","meta":[],"product_brand":[],"product_cat":[61],"product_tag":[62,60,58,59],"class_list":{"0":"post-2756","1":"product","2":"type-product","3":"status-publish","4":"has-post-thumbnail","6":"product_cat-odziez","7":"product_tag-arkadiusz-tancula","8":"product_tag-szalony-reporter","9":"product_tag-szit","10":"product_tag-tancula","12":"first","13":"instock","14":"taxable","15":"shipping-taxable","16":"purchasable","17":"product-type-variable"},"jetpack_sharing_enabled":true,"_links":{"self":[{"href":"https:\/\/szit.sklep.pl\/index.php\/wp-json\/wp\/v2\/product\/2756","targetHints":{"allow":["GET"]}}],"collection":[{"href":"https:\/\/szit.sklep.pl\/index.php\/wp-json\/wp\/v2\/product"}],"about":[{"href":"https:\/\/szit.sklep.pl\/index.php\/wp-json\/wp\/v2\/types\/product"}],"replies":[{"embeddable":true,"href":"https:\/\/szit.sklep.pl\/index.php\/wp-json\/wp\/v2\/comments?post=2756"}],"wp:featuredmedia":[{"embeddable":true,"href":"https:\/\/szit.sklep.pl\/index.php\/wp-json\/wp\/v2\/media\/2904"}],"wp:attachment":[{"href":"https:\/\/szit.sklep.pl\/index.php\/wp-json\/wp\/v2\/media?parent=2756"}],"wp:term":[{"taxonomy":"product_brand","embeddable":true,"href":"https:\/\/szit.sklep.pl\/index.php\/wp-json\/wp\/v2\/product_brand?post=2756"},{"taxonomy":"product_cat","embeddable":true,"href":"https:\/\/szit.sklep.pl\/index.php\/wp-json\/wp\/v2\/product_cat?post=2756"},{"taxonomy":"product_tag","embeddable":true,"href":"https:\/\/szit.sklep.pl\/index.php\/wp-json\/wp\/v2\/product_tag?post=2756"}],"curies":[{"name":"wp","href":"https:\/\/api.w.org\/{rel}","templated":true}]}}